{"id":1330,"date":"2023-02-03T14:50:48","date_gmt":"2023-02-03T13:50:48","guid":{"rendered":"https:\/\/www.alzenau-sued.de\/imprint\/"},"modified":"2023-03-10T16:50:40","modified_gmt":"2023-03-10T15:50:40","slug":"imprint","status":"publish","type":"page","link":"https:\/\/www.alzenau-sued.de\/en\/imprint\/","title":{"rendered":"Imprint"},"content":{"rendered":"<div class=\"fusion-fullwidth fullwidth-box fusion-builder-row-1 fusion-flex-container has-pattern-background has-mask-background nonhundred-percent-fullwidth non-hundred-percent-height-scrolling\" style=\"--awb-border-radius-top-left:0px;--awb-border-radius-top-right:0px;--awb-border-radius-bottom-right:0px;--awb-border-radius-bottom-left:0px;--awb-flex-wrap:wrap;\" ><div class=\"fusion-builder-row fusion-row fusion-flex-align-items-flex-start fusion-flex-content-wrap\" style=\"max-width:1216.8px;margin-left: calc(-4% \/ 2 );margin-right: calc(-4% \/ 2 );\"><div class=\"fusion-layout-column fusion_builder_column fusion-builder-column-0 fusion_builder_column_2_3 2_3 fusion-flex-column\" style=\"--awb-bg-size:cover;--awb-width-large:66.6666666667%;--awb-margin-top-large:0px;--awb-spacing-right-large:2.88%;--awb-margin-bottom-large:20px;--awb-spacing-left-large:2.88%;--awb-width-medium:100%;--awb-order-medium:0;--awb-spacing-right-medium:1.92%;--awb-spacing-left-medium:1.92%;--awb-width-small:100%;--awb-order-small:0;--awb-spacing-right-small:1.92%;--awb-spacing-left-small:1.92%;\"><div class=\"fusion-column-wrapper fusion-column-has-shadow fusion-flex-justify-content-flex-start fusion-content-layout-column\"><div class=\"fusion-title title fusion-title-1 fusion-sep-none fusion-title-text fusion-title-size-one\" style=\"--awb-margin-top-small:0px;--awb-margin-right-small:0px;--awb-margin-bottom-small:20px;--awb-margin-left-small:0px;\"><h1 class=\"fusion-title-heading title-heading-left fusion-responsive-typography-calculated\" style=\"margin:0;--fontSize:48;line-height:var(--awb-typography1-line-height);\">Imprint<\/h1><\/div><div class=\"fusion-text fusion-text-1\"><p>Casa Alzenau S\u00fcd KG<br \/>\nIndustriegebiet S\u00fcd E 4<br \/>\n63755 Alzenau<\/p>\n<p>Phone: +49 (6188) 99 44 \u2013 11<br \/>\nFax: +49 (6188) 99 44 \u2013 44<\/p>\n<p>E-Mail: buero@alzenau-sued.de<\/p>\n<p><strong>Vertretungsberechtigter Komplement\u00e4r:<\/strong><br \/>\nJoachim Kraus<\/p>\n<p>Registergericht: Amtsgericht Aschaffenburg<br \/>\nRegisternummer: HRA 37 33<\/p>\n<p>Ust-ID: DE213305051<\/p>\n<p><strong>Inhaltlich Verantwortlicher<\/strong> gem\u00e4\u00df \u00a7 10 Absatz 3 MDStV:<br \/>\nJoachim Kraus, Industriegebiet S\u00fcd E4, 63755 Alzenau<\/p>\n<\/div><\/div><\/div><div class=\"fusion-layout-column fusion_builder_column fusion-builder-column-1 fusion_builder_column_1_3 1_3 fusion-flex-column\" style=\"--awb-bg-size:cover;--awb-width-large:33.3333333333%;--awb-margin-top-large:0px;--awb-spacing-right-large:5.76%;--awb-margin-bottom-large:20px;--awb-spacing-left-large:5.76%;--awb-width-medium:100%;--awb-order-medium:0;--awb-spacing-right-medium:1.92%;--awb-spacing-left-medium:1.92%;--awb-width-small:100%;--awb-order-small:0;--awb-spacing-right-small:1.92%;--awb-spacing-left-small:1.92%;\"><div class=\"fusion-column-wrapper fusion-column-has-shadow fusion-flex-justify-content-flex-start fusion-content-layout-column\"><div class=\"fusion-image-element \" style=\"--awb-aspect-ratio:2 \/ 1;--awb-object-position:17% 82%;--awb-max-width:600px;--awb-caption-title-font-family:var(--h2_typography-font-family);--awb-caption-title-font-weight:var(--h2_typography-font-weight);--awb-caption-title-font-style:var(--h2_typography-font-style);--awb-caption-title-size:var(--h2_typography-font-size);--awb-caption-title-transform:var(--h2_typography-text-transform);--awb-caption-title-line-height:var(--h2_typography-line-height);--awb-caption-title-letter-spacing:var(--h2_typography-letter-spacing);\"><div style=\"display:inline-block;width:600px;\"><span class=\" fusion-imageframe imageframe-none imageframe-1 hover-type-none has-aspect-ratio\"><img decoding=\"async\" width=\"200\" height=\"113\" title=\"B\u00fcro CASA Alzenau S\u00fcd\" src=\"https:\/\/www.alzenau-sued.de\/wp-content\/uploads\/2023\/02\/CASA_Luftbild_0920-scaled.jpg\" data-orig-src=\"https:\/\/www.alzenau-sued.de\/wp-content\/uploads\/2023\/02\/CASA_Luftbild_0920-200x113.jpg\" class=\"lazyload img-responsive wp-image-1314 img-with-aspect-ratio\" data-parent-fit=\"cover\" data-parent-container=\".fusion-image-element\" alt srcset=\"data:image\/svg+xml,%3Csvg%20xmlns%3D%27http%3A%2F%2Fwww.w3.org%2F2000%2Fsvg%27%20width%3D%272560%27%20height%3D%271440%27%20viewBox%3D%270%200%202560%201440%27%3E%3Crect%20width%3D%272560%27%20height%3D%271440%27%20fill-opacity%3D%220%22%2F%3E%3C%2Fsvg%3E\" data-srcset=\"https:\/\/www.alzenau-sued.de\/wp-content\/uploads\/2023\/02\/CASA_Luftbild_0920-200x113.jpg 200w, https:\/\/www.alzenau-sued.de\/wp-content\/uploads\/2023\/02\/CASA_Luftbild_0920-400x225.jpg 400w, https:\/\/www.alzenau-sued.de\/wp-content\/uploads\/2023\/02\/CASA_Luftbild_0920-600x338.jpg 600w, https:\/\/www.alzenau-sued.de\/wp-content\/uploads\/2023\/02\/CASA_Luftbild_0920-800x450.jpg 800w, https:\/\/www.alzenau-sued.de\/wp-content\/uploads\/2023\/02\/CASA_Luftbild_0920-1200x675.jpg 1200w\" data-sizes=\"auto\" data-orig-sizes=\"(max-width: 800px) 100vw, (max-width: 640px) 100vw, 400px\" \/><\/span><\/div><\/div><\/div><\/div><\/div><\/div>\n","protected":false},"excerpt":{"rendered":"","protected":false},"author":2,"featured_media":0,"parent":0,"menu_order":0,"comment_status":"closed","ping_status":"closed","template":"100-width.php","meta":{"footnotes":""},"class_list":["post-1330","page","type-page","status-publish","hentry"],"yoast_head":"<!-- This site is optimized with the Yoast SEO plugin v27.6 - https:\/\/yoast.com\/product\/yoast-seo-wordpress\/ -->\n<title>Imprint - CASA Alzenau S\u00fcd<\/title>\n<meta name=\"robots\" content=\"index, follow, max-snippet:-1, max-image-preview:large, max-video-preview:-1\" \/>\n<link rel=\"canonical\" href=\"https:\/\/www.alzenau-sued.de\/en\/imprint\/\" \/>\n<meta property=\"og:locale\" content=\"en_US\" \/>\n<meta property=\"og:type\" content=\"article\" \/>\n<meta property=\"og:title\" content=\"Imprint - CASA Alzenau S\u00fcd\" \/>\n<meta property=\"og:url\" content=\"https:\/\/www.alzenau-sued.de\/en\/imprint\/\" \/>\n<meta property=\"og:site_name\" content=\"CASA Alzenau S\u00fcd\" \/>\n<meta property=\"article:modified_time\" content=\"2023-03-10T15:50:40+00:00\" \/>\n<meta name=\"twitter:card\" content=\"summary_large_image\" \/>\n<meta name=\"twitter:label1\" content=\"Est. reading time\" \/>\n\t<meta name=\"twitter:data1\" content=\"8 minutes\" \/>\n<script type=\"application\/ld+json\" class=\"yoast-schema-graph\">{\"@context\":\"https:\\\/\\\/schema.org\",\"@graph\":[{\"@type\":\"WebPage\",\"@id\":\"https:\\\/\\\/www.alzenau-sued.de\\\/en\\\/imprint\\\/\",\"url\":\"https:\\\/\\\/www.alzenau-sued.de\\\/en\\\/imprint\\\/\",\"name\":\"Imprint - CASA Alzenau S\u00fcd\",\"isPartOf\":{\"@id\":\"https:\\\/\\\/www.alzenau-sued.de\\\/en\\\/#website\"},\"datePublished\":\"2023-02-03T13:50:48+00:00\",\"dateModified\":\"2023-03-10T15:50:40+00:00\",\"breadcrumb\":{\"@id\":\"https:\\\/\\\/www.alzenau-sued.de\\\/en\\\/imprint\\\/#breadcrumb\"},\"inLanguage\":\"en-US\",\"potentialAction\":[{\"@type\":\"ReadAction\",\"target\":[\"https:\\\/\\\/www.alzenau-sued.de\\\/en\\\/imprint\\\/\"]}]},{\"@type\":\"BreadcrumbList\",\"@id\":\"https:\\\/\\\/www.alzenau-sued.de\\\/en\\\/imprint\\\/#breadcrumb\",\"itemListElement\":[{\"@type\":\"ListItem\",\"position\":1,\"name\":\"Startseite\",\"item\":\"https:\\\/\\\/www.alzenau-sued.de\\\/en\\\/\"},{\"@type\":\"ListItem\",\"position\":2,\"name\":\"Imprint\"}]},{\"@type\":\"WebSite\",\"@id\":\"https:\\\/\\\/www.alzenau-sued.de\\\/en\\\/#website\",\"url\":\"https:\\\/\\\/www.alzenau-sued.de\\\/en\\\/\",\"name\":\"CASA Alzenau S\u00fcd\",\"description\":\"Moderne B\u00fcrofl\u00e4chen in Alzenau zu vermieten\",\"publisher\":{\"@id\":\"https:\\\/\\\/www.alzenau-sued.de\\\/en\\\/#organization\"},\"potentialAction\":[{\"@type\":\"SearchAction\",\"target\":{\"@type\":\"EntryPoint\",\"urlTemplate\":\"https:\\\/\\\/www.alzenau-sued.de\\\/en\\\/?s={search_term_string}\"},\"query-input\":{\"@type\":\"PropertyValueSpecification\",\"valueRequired\":true,\"valueName\":\"search_term_string\"}}],\"inLanguage\":\"en-US\"},{\"@type\":\"Organization\",\"@id\":\"https:\\\/\\\/www.alzenau-sued.de\\\/en\\\/#organization\",\"name\":\"CASA Alzenau S\u00fcd\",\"url\":\"https:\\\/\\\/www.alzenau-sued.de\\\/en\\\/\",\"logo\":{\"@type\":\"ImageObject\",\"inLanguage\":\"en-US\",\"@id\":\"https:\\\/\\\/www.alzenau-sued.de\\\/en\\\/#\\\/schema\\\/logo\\\/image\\\/\",\"url\":\"https:\\\/\\\/www.alzenau-sued.de\\\/wp-content\\\/uploads\\\/2023\\\/02\\\/CASA-Logo_ohne-hintergrund.jpg\",\"contentUrl\":\"https:\\\/\\\/www.alzenau-sued.de\\\/wp-content\\\/uploads\\\/2023\\\/02\\\/CASA-Logo_ohne-hintergrund.jpg\",\"width\":2064,\"height\":360,\"caption\":\"CASA Alzenau S\u00fcd\"},\"image\":{\"@id\":\"https:\\\/\\\/www.alzenau-sued.de\\\/en\\\/#\\\/schema\\\/logo\\\/image\\\/\"}}]}<\/script>\n<!-- \/ Yoast SEO plugin. -->","yoast_head_json":{"title":"Imprint - CASA Alzenau S\u00fcd","robots":{"index":"index","follow":"follow","max-snippet":"max-snippet:-1","max-image-preview":"max-image-preview:large","max-video-preview":"max-video-preview:-1"},"canonical":"https:\/\/www.alzenau-sued.de\/en\/imprint\/","og_locale":"en_US","og_type":"article","og_title":"Imprint - CASA Alzenau S\u00fcd","og_url":"https:\/\/www.alzenau-sued.de\/en\/imprint\/","og_site_name":"CASA Alzenau S\u00fcd","article_modified_time":"2023-03-10T15:50:40+00:00","twitter_card":"summary_large_image","twitter_misc":{"Est. reading time":"8 minutes"},"schema":{"@context":"https:\/\/schema.org","@graph":[{"@type":"WebPage","@id":"https:\/\/www.alzenau-sued.de\/en\/imprint\/","url":"https:\/\/www.alzenau-sued.de\/en\/imprint\/","name":"Imprint - CASA Alzenau S\u00fcd","isPartOf":{"@id":"https:\/\/www.alzenau-sued.de\/en\/#website"},"datePublished":"2023-02-03T13:50:48+00:00","dateModified":"2023-03-10T15:50:40+00:00","breadcrumb":{"@id":"https:\/\/www.alzenau-sued.de\/en\/imprint\/#breadcrumb"},"inLanguage":"en-US","potentialAction":[{"@type":"ReadAction","target":["https:\/\/www.alzenau-sued.de\/en\/imprint\/"]}]},{"@type":"BreadcrumbList","@id":"https:\/\/www.alzenau-sued.de\/en\/imprint\/#breadcrumb","itemListElement":[{"@type":"ListItem","position":1,"name":"Startseite","item":"https:\/\/www.alzenau-sued.de\/en\/"},{"@type":"ListItem","position":2,"name":"Imprint"}]},{"@type":"WebSite","@id":"https:\/\/www.alzenau-sued.de\/en\/#website","url":"https:\/\/www.alzenau-sued.de\/en\/","name":"CASA Alzenau S\u00fcd","description":"Moderne B\u00fcrofl\u00e4chen in Alzenau zu vermieten","publisher":{"@id":"https:\/\/www.alzenau-sued.de\/en\/#organization"},"potentialAction":[{"@type":"SearchAction","target":{"@type":"EntryPoint","urlTemplate":"https:\/\/www.alzenau-sued.de\/en\/?s={search_term_string}"},"query-input":{"@type":"PropertyValueSpecification","valueRequired":true,"valueName":"search_term_string"}}],"inLanguage":"en-US"},{"@type":"Organization","@id":"https:\/\/www.alzenau-sued.de\/en\/#organization","name":"CASA Alzenau S\u00fcd","url":"https:\/\/www.alzenau-sued.de\/en\/","logo":{"@type":"ImageObject","inLanguage":"en-US","@id":"https:\/\/www.alzenau-sued.de\/en\/#\/schema\/logo\/image\/","url":"https:\/\/www.alzenau-sued.de\/wp-content\/uploads\/2023\/02\/CASA-Logo_ohne-hintergrund.jpg","contentUrl":"https:\/\/www.alzenau-sued.de\/wp-content\/uploads\/2023\/02\/CASA-Logo_ohne-hintergrund.jpg","width":2064,"height":360,"caption":"CASA Alzenau S\u00fcd"},"image":{"@id":"https:\/\/www.alzenau-sued.de\/en\/#\/schema\/logo\/image\/"}}]}},"_links":{"self":[{"href":"https:\/\/www.alzenau-sued.de\/en\/wp-json\/wp\/v2\/pages\/1330","targetHints":{"allow":["GET"]}}],"collection":[{"href":"https:\/\/www.alzenau-sued.de\/en\/wp-json\/wp\/v2\/pages"}],"about":[{"href":"https:\/\/www.alzenau-sued.de\/en\/wp-json\/wp\/v2\/types\/page"}],"author":[{"embeddable":true,"href":"https:\/\/www.alzenau-sued.de\/en\/wp-json\/wp\/v2\/users\/2"}],"replies":[{"embeddable":true,"href":"https:\/\/www.alzenau-sued.de\/en\/wp-json\/wp\/v2\/comments?post=1330"}],"version-history":[{"count":7,"href":"https:\/\/www.alzenau-sued.de\/en\/wp-json\/wp\/v2\/pages\/1330\/revisions"}],"predecessor-version":[{"id":1337,"href":"https:\/\/www.alzenau-sued.de\/en\/wp-json\/wp\/v2\/pages\/1330\/revisions\/1337"}],"wp:attachment":[{"href":"https:\/\/www.alzenau-sued.de\/en\/wp-json\/wp\/v2\/media?parent=1330"}],"curies":[{"name":"wp","href":"https:\/\/api.w.org\/{rel}","templated":true}]}}