{"id":1360,"date":"2015-07-01T01:47:30","date_gmt":"2015-06-30T23:47:30","guid":{"rendered":"https:\/\/www.alzenau-sued.de\/alzenau-sued-is-located-in-the-centre-of-germany\/"},"modified":"2023-03-10T16:58:58","modified_gmt":"2023-03-10T15:58:58","slug":"alzenau-sued-is-located-in-the-centre-of-germany","status":"publish","type":"page","link":"https:\/\/www.alzenau-sued.de\/en\/alzenau-sued-is-located-in-the-centre-of-germany\/","title":{"rendered":"Alzenau S\u00fcd is located in the centre of Germany"},"content":{"rendered":"<p><div class=\"fusion-fullwidth fullwidth-box fusion-builder-row-1 fusion-flex-container has-pattern-background has-mask-background nonhundred-percent-fullwidth non-hundred-percent-height-scrolling\" style=\"--awb-background-position:left bottom;--awb-border-sizes-top:0px;--awb-border-sizes-bottom:0px;--awb-border-sizes-left:0px;--awb-border-sizes-right:0px;--awb-border-radius-top-left:0px;--awb-border-radius-top-right:0px;--awb-border-radius-bottom-right:0px;--awb-border-radius-bottom-left:0px;--awb-padding-top:130px;--awb-padding-bottom:120px;--awb-flex-wrap:wrap;\" ><div class=\"fusion-builder-row fusion-row fusion-flex-align-items-flex-start fusion-flex-content-wrap\" style=\"max-width:1216.8px;margin-left: calc(-4% \/ 2 );margin-right: calc(-4% \/ 2 );\"><div class=\"fusion-layout-column fusion_builder_column fusion-builder-column-0 fusion_builder_column_1_2 1_2 fusion-flex-column\" style=\"--awb-bg-blend:overlay;--awb-bg-size:cover;--awb-width-large:50%;--awb-margin-top-large:0px;--awb-spacing-right-large:3.84%;--awb-margin-bottom-large:20px;--awb-spacing-left-large:3.84%;--awb-width-medium:100%;--awb-spacing-right-medium:1.92%;--awb-spacing-left-medium:1.92%;--awb-width-small:100%;--awb-spacing-right-small:1.92%;--awb-spacing-left-small:1.92%;\"><div class=\"fusion-column-wrapper fusion-flex-justify-content-flex-start fusion-content-layout-column\"><div class=\"fusion-title title fusion-title-1 fusion-sep-none fusion-title-text fusion-title-size-two\" style=\"--awb-text-color:var(--awb-color5);--awb-margin-top-small:0px;--awb-margin-right-small:0px;--awb-margin-bottom-small:20px;--awb-margin-left-small:0px;--awb-font-size:35px;\"><h2 class=\"fusion-title-heading title-heading-left fusion-responsive-typography-calculated\" style=\"font-family:&quot;Inter&quot;;font-style:normal;font-weight:400;margin:0;text-transform:none;font-size:1em;--fontSize:35;line-height:var(--awb-typography1-line-height);\">Alzenau S\u00fcd is located in the centre of Germany<\/h2><\/div><div class=\"fusion-title title fusion-title-2 fusion-sep-none fusion-title-text fusion-title-size-four\" style=\"--awb-text-color:var(--awb-color7);--awb-margin-top-small:0px;--awb-margin-right-small:0px;--awb-margin-bottom-small:20px;--awb-margin-left-small:0px;--awb-font-size:20px;\"><h4 class=\"fusion-title-heading title-heading-left fusion-responsive-typography-calculated\" style=\"font-family:&quot;Inter&quot;;font-style:normal;font-weight:200;margin:0;text-transform:none;font-size:1em;--fontSize:20;--minFontSize:20;line-height:var(--awb-typography1-line-height);\"><h5>Alzenau S\u00fcd is located in the Bavarian part of the Rhein and Main area and thus in the heart of Europe. Frankfurt am Main and its aiport are very near.<\/h5>\n<h5>Nevertheless you have a wonderful view from the offices to the Spessart forest and the vineyards of H\u00f6rstein.<\/h5><\/h4><\/div><\/div><\/div><div class=\"fusion-layout-column fusion_builder_column fusion-builder-column-1 fusion_builder_column_1_2 1_2 fusion-flex-column\" style=\"--awb-bg-blend:overlay;--awb-bg-size:cover;--awb-width-large:50%;--awb-margin-top-large:0px;--awb-spacing-right-large:3.84%;--awb-margin-bottom-large:20px;--awb-spacing-left-large:3.84%;--awb-width-medium:100%;--awb-spacing-right-medium:1.92%;--awb-spacing-left-medium:1.92%;--awb-width-small:100%;--awb-spacing-right-small:1.92%;--awb-spacing-left-small:1.92%;\"><div class=\"fusion-column-wrapper fusion-flex-justify-content-flex-start fusion-content-layout-column\"><iframe class=\"fusion-hidden\" data-privacy-type=\"gmaps\" src=\"\" data-privacy-src=\"https:\/\/www.google.com\/maps\/embed?pb=!1m18!1m12!1m3!1d231765.2135852349!2d8.946837372279296!3d50.073778351800534!2m3!1f0!2f0!3f0!3m2!1i1024!2i768!4f13.1!3m3!1m2!1s0x47bd3ec32b36e1a7:0x8ad559f2548be24b!2sCASA%20Alzenau%20S%C3%BCd!5e0!3m2!1sde!2sde!4v1675881598253!5m2!1sde!2sde\" width=\"600\" height=\"450\" style=\"border:0;\" allowfullscreen=\"\" loading=\"lazy\" referrerpolicy=\"no-referrer-when-downgrade\"><\/iframe><div class=\"fusion-privacy-placeholder\" style=\"width:600px; height:450px;\" data-privacy-type=\"gmaps\"><div class=\"fusion-privacy-placeholder-content\"><div class=\"fusion-privacy-label\">For privacy reasons Google Maps needs your permission to be loaded.<\/div><button data-privacy-type=\"gmaps\" class=\"fusion-button button-default fusion-button-default-size button fusion-privacy-consent\">I Accept<\/button><\/div><\/div><\/div><\/div><\/div><\/div><div class=\"fusion-fullwidth fullwidth-box fusion-builder-row-2 fusion-flex-container nonhundred-percent-fullwidth non-hundred-percent-height-scrolling\" style=\"--awb-background-position:left top;--awb-border-sizes-top:0px;--awb-border-sizes-bottom:0px;--awb-border-sizes-left:0px;--awb-border-sizes-right:0px;--awb-border-radius-top-left:0px;--awb-border-radius-top-right:0px;--awb-border-radius-bottom-right:0px;--awb-border-radius-bottom-left:0px;--awb-padding-top:130px;--awb-padding-bottom:130px;--awb-flex-wrap:wrap;\" ><div class=\"fusion-builder-row fusion-row fusion-flex-align-items-flex-start fusion-flex-content-wrap\" style=\"max-width:1216.8px;margin-left: calc(-4% \/ 2 );margin-right: calc(-4% \/ 2 );\"><div class=\"fusion-layout-column fusion_builder_column fusion-builder-column-2 fusion_builder_column_2_3 2_3 fusion-flex-column\" style=\"--awb-bg-blend:overlay;--awb-bg-size:cover;--awb-width-large:66.6666666667%;--awb-margin-top-large:0px;--awb-spacing-right-large:3.84%;--awb-margin-bottom-large:20px;--awb-spacing-left-large:2.88%;--awb-width-medium:100%;--awb-spacing-right-medium:1.92%;--awb-spacing-left-medium:1.92%;--awb-width-small:100%;--awb-spacing-right-small:1.92%;--awb-spacing-left-small:1.92%;\"><div class=\"fusion-column-wrapper fusion-flex-justify-content-flex-start fusion-content-layout-column\"><div class=\"fusion-image-element \" style=\"text-align:left;--awb-aspect-ratio:3 \/ 2;--awb-object-position:23% 64%;--awb-max-width:600px;--awb-caption-title-font-family:var(--h2_typography-font-family);--awb-caption-title-font-weight:var(--h2_typography-font-weight);--awb-caption-title-font-style:var(--h2_typography-font-style);--awb-caption-title-size:var(--h2_typography-font-size);--awb-caption-title-transform:var(--h2_typography-text-transform);--awb-caption-title-line-height:var(--h2_typography-line-height);--awb-caption-title-letter-spacing:var(--h2_typography-letter-spacing);\"><div style=\"display:inline-block;width:600px;\"><span class=\" fusion-imageframe imageframe-none imageframe-1 hover-type-none has-aspect-ratio\"><img decoding=\"async\" width=\"200\" height=\"133\" title=\"CASA direkt Autobahnabfahrt\" src=\"https:\/\/www.alzenau-sued.de\/wp-content\/uploads\/2023\/02\/CASA_Autobahnabfahrt.jpg\" data-orig-src=\"https:\/\/www.alzenau-sued.de\/wp-content\/uploads\/2023\/02\/CASA_Autobahnabfahrt-200x133.jpg\" class=\"lazyload img-responsive wp-image-1306 img-with-aspect-ratio\" data-parent-fit=\"cover\" data-parent-container=\".fusion-image-element\" alt srcset=\"data:image\/svg+xml,%3Csvg%20xmlns%3D%27http%3A%2F%2Fwww.w3.org%2F2000%2Fsvg%27%20width%3D%271380%27%20height%3D%27920%27%20viewBox%3D%270%200%201380%20920%27%3E%3Crect%20width%3D%271380%27%20height%3D%27920%27%20fill-opacity%3D%220%22%2F%3E%3C%2Fsvg%3E\" data-srcset=\"https:\/\/www.alzenau-sued.de\/wp-content\/uploads\/2023\/02\/CASA_Autobahnabfahrt-200x133.jpg 200w, https:\/\/www.alzenau-sued.de\/wp-content\/uploads\/2023\/02\/CASA_Autobahnabfahrt-400x267.jpg 400w, https:\/\/www.alzenau-sued.de\/wp-content\/uploads\/2023\/02\/CASA_Autobahnabfahrt-600x400.jpg 600w, https:\/\/www.alzenau-sued.de\/wp-content\/uploads\/2023\/02\/CASA_Autobahnabfahrt-800x533.jpg 800w, https:\/\/www.alzenau-sued.de\/wp-content\/uploads\/2023\/02\/CASA_Autobahnabfahrt-1200x800.jpg 1200w, https:\/\/www.alzenau-sued.de\/wp-content\/uploads\/2023\/02\/CASA_Autobahnabfahrt.jpg 1380w\" data-sizes=\"auto\" data-orig-sizes=\"(max-width: 800px) 100vw, (max-width: 640px) 100vw, 800px\" \/><\/span><\/div><\/div><\/div><\/div><div class=\"fusion-layout-column fusion_builder_column fusion-builder-column-3 fusion_builder_column_1_3 1_3 fusion-flex-column\" style=\"--awb-bg-blend:overlay;--awb-bg-size:cover;--awb-width-large:33.3333333333%;--awb-margin-top-large:0px;--awb-spacing-right-large:7.68%;--awb-margin-bottom-large:20px;--awb-spacing-left-large:5.76%;--awb-width-medium:100%;--awb-spacing-right-medium:1.92%;--awb-spacing-left-medium:1.92%;--awb-width-small:100%;--awb-spacing-right-small:1.92%;--awb-spacing-left-small:1.92%;\"><div class=\"fusion-column-wrapper fusion-flex-justify-content-flex-start fusion-content-layout-column\"><div class=\"fusion-title title fusion-title-3 fusion-sep-none fusion-title-text fusion-title-size-two\" style=\"--awb-margin-bottom:50px;--awb-margin-top-small:0px;--awb-margin-right-small:0px;--awb-margin-bottom-small:20px;--awb-margin-left-small:0px;\"><h2 class=\"fusion-title-heading title-heading-left fusion-responsive-typography-calculated\" style=\"margin:0;--fontSize:48;line-height:var(--awb-typography1-line-height);\">Perfect traffic connection<\/h2><\/div><div class=\"fusion-text fusion-text-1\"><p>You will reach Aschaffenburg or Hanau in 15 minutes by car. Alzenau S\u00fcd is located right next to the motorway A45 exit No. 46 (and further 6 km away from motorway A3). Moreover, the Bundesstrasse 8 (federal highway Hanau-Aschaffenburg) passes the CASA directly.<\/p>\n<\/div><\/div><\/div><\/div><\/div><\/p>\n","protected":false},"excerpt":{"rendered":"","protected":false},"author":2,"featured_media":0,"parent":0,"menu_order":0,"comment_status":"closed","ping_status":"open","template":"100-width.php","meta":{"footnotes":""},"class_list":["post-1360","page","type-page","status-publish","hentry"],"yoast_head":"<!-- This site is optimized with the Yoast SEO plugin v27.4 - https:\/\/yoast.com\/product\/yoast-seo-wordpress\/ -->\n<title>Alzenau S\u00fcd is located in the centre of Germany - CASA Alzenau S\u00fcd<\/title>\n<meta name=\"robots\" content=\"index, follow, max-snippet:-1, max-image-preview:large, max-video-preview:-1\" \/>\n<link rel=\"canonical\" href=\"https:\/\/www.alzenau-sued.de\/en\/alzenau-sued-is-located-in-the-centre-of-germany\/\" \/>\n<meta property=\"og:locale\" content=\"en_US\" \/>\n<meta property=\"og:type\" content=\"article\" \/>\n<meta property=\"og:title\" content=\"Alzenau S\u00fcd is located in the centre of Germany - CASA Alzenau S\u00fcd\" \/>\n<meta property=\"og:url\" content=\"https:\/\/www.alzenau-sued.de\/en\/alzenau-sued-is-located-in-the-centre-of-germany\/\" \/>\n<meta property=\"og:site_name\" content=\"CASA Alzenau S\u00fcd\" \/>\n<meta property=\"article:modified_time\" content=\"2023-03-10T15:58:58+00:00\" \/>\n<meta name=\"twitter:card\" content=\"summary_large_image\" \/>\n<meta name=\"twitter:label1\" content=\"Est. reading time\" \/>\n\t<meta name=\"twitter:data1\" content=\"9 minutes\" \/>\n<script type=\"application\/ld+json\" class=\"yoast-schema-graph\">{\"@context\":\"https:\\\/\\\/schema.org\",\"@graph\":[{\"@type\":\"WebPage\",\"@id\":\"https:\\\/\\\/www.alzenau-sued.de\\\/en\\\/alzenau-sued-is-located-in-the-centre-of-germany\\\/\",\"url\":\"https:\\\/\\\/www.alzenau-sued.de\\\/en\\\/alzenau-sued-is-located-in-the-centre-of-germany\\\/\",\"name\":\"Alzenau S\u00fcd is located in the centre of Germany - CASA Alzenau S\u00fcd\",\"isPartOf\":{\"@id\":\"https:\\\/\\\/www.alzenau-sued.de\\\/en\\\/#website\"},\"datePublished\":\"2015-06-30T23:47:30+00:00\",\"dateModified\":\"2023-03-10T15:58:58+00:00\",\"breadcrumb\":{\"@id\":\"https:\\\/\\\/www.alzenau-sued.de\\\/en\\\/alzenau-sued-is-located-in-the-centre-of-germany\\\/#breadcrumb\"},\"inLanguage\":\"en-US\",\"potentialAction\":[{\"@type\":\"ReadAction\",\"target\":[\"https:\\\/\\\/www.alzenau-sued.de\\\/en\\\/alzenau-sued-is-located-in-the-centre-of-germany\\\/\"]}]},{\"@type\":\"BreadcrumbList\",\"@id\":\"https:\\\/\\\/www.alzenau-sued.de\\\/en\\\/alzenau-sued-is-located-in-the-centre-of-germany\\\/#breadcrumb\",\"itemListElement\":[{\"@type\":\"ListItem\",\"position\":1,\"name\":\"Startseite\",\"item\":\"https:\\\/\\\/www.alzenau-sued.de\\\/en\\\/\"},{\"@type\":\"ListItem\",\"position\":2,\"name\":\"Alzenau S\u00fcd is located in the centre of Germany\"}]},{\"@type\":\"WebSite\",\"@id\":\"https:\\\/\\\/www.alzenau-sued.de\\\/en\\\/#website\",\"url\":\"https:\\\/\\\/www.alzenau-sued.de\\\/en\\\/\",\"name\":\"CASA Alzenau S\u00fcd\",\"description\":\"Moderne B\u00fcrofl\u00e4chen in Alzenau zu vermieten\",\"publisher\":{\"@id\":\"https:\\\/\\\/www.alzenau-sued.de\\\/en\\\/#organization\"},\"potentialAction\":[{\"@type\":\"SearchAction\",\"target\":{\"@type\":\"EntryPoint\",\"urlTemplate\":\"https:\\\/\\\/www.alzenau-sued.de\\\/en\\\/?s={search_term_string}\"},\"query-input\":{\"@type\":\"PropertyValueSpecification\",\"valueRequired\":true,\"valueName\":\"search_term_string\"}}],\"inLanguage\":\"en-US\"},{\"@type\":\"Organization\",\"@id\":\"https:\\\/\\\/www.alzenau-sued.de\\\/en\\\/#organization\",\"name\":\"CASA Alzenau S\u00fcd\",\"url\":\"https:\\\/\\\/www.alzenau-sued.de\\\/en\\\/\",\"logo\":{\"@type\":\"ImageObject\",\"inLanguage\":\"en-US\",\"@id\":\"https:\\\/\\\/www.alzenau-sued.de\\\/en\\\/#\\\/schema\\\/logo\\\/image\\\/\",\"url\":\"https:\\\/\\\/www.alzenau-sued.de\\\/wp-content\\\/uploads\\\/2023\\\/02\\\/CASA-Logo_ohne-hintergrund.jpg\",\"contentUrl\":\"https:\\\/\\\/www.alzenau-sued.de\\\/wp-content\\\/uploads\\\/2023\\\/02\\\/CASA-Logo_ohne-hintergrund.jpg\",\"width\":2064,\"height\":360,\"caption\":\"CASA Alzenau S\u00fcd\"},\"image\":{\"@id\":\"https:\\\/\\\/www.alzenau-sued.de\\\/en\\\/#\\\/schema\\\/logo\\\/image\\\/\"}}]}<\/script>\n<!-- \/ Yoast SEO plugin. -->","yoast_head_json":{"title":"Alzenau S\u00fcd is located in the centre of Germany - CASA Alzenau S\u00fcd","robots":{"index":"index","follow":"follow","max-snippet":"max-snippet:-1","max-image-preview":"max-image-preview:large","max-video-preview":"max-video-preview:-1"},"canonical":"https:\/\/www.alzenau-sued.de\/en\/alzenau-sued-is-located-in-the-centre-of-germany\/","og_locale":"en_US","og_type":"article","og_title":"Alzenau S\u00fcd is located in the centre of Germany - CASA Alzenau S\u00fcd","og_url":"https:\/\/www.alzenau-sued.de\/en\/alzenau-sued-is-located-in-the-centre-of-germany\/","og_site_name":"CASA Alzenau S\u00fcd","article_modified_time":"2023-03-10T15:58:58+00:00","twitter_card":"summary_large_image","twitter_misc":{"Est. reading time":"9 minutes"},"schema":{"@context":"https:\/\/schema.org","@graph":[{"@type":"WebPage","@id":"https:\/\/www.alzenau-sued.de\/en\/alzenau-sued-is-located-in-the-centre-of-germany\/","url":"https:\/\/www.alzenau-sued.de\/en\/alzenau-sued-is-located-in-the-centre-of-germany\/","name":"Alzenau S\u00fcd is located in the centre of Germany - CASA Alzenau S\u00fcd","isPartOf":{"@id":"https:\/\/www.alzenau-sued.de\/en\/#website"},"datePublished":"2015-06-30T23:47:30+00:00","dateModified":"2023-03-10T15:58:58+00:00","breadcrumb":{"@id":"https:\/\/www.alzenau-sued.de\/en\/alzenau-sued-is-located-in-the-centre-of-germany\/#breadcrumb"},"inLanguage":"en-US","potentialAction":[{"@type":"ReadAction","target":["https:\/\/www.alzenau-sued.de\/en\/alzenau-sued-is-located-in-the-centre-of-germany\/"]}]},{"@type":"BreadcrumbList","@id":"https:\/\/www.alzenau-sued.de\/en\/alzenau-sued-is-located-in-the-centre-of-germany\/#breadcrumb","itemListElement":[{"@type":"ListItem","position":1,"name":"Startseite","item":"https:\/\/www.alzenau-sued.de\/en\/"},{"@type":"ListItem","position":2,"name":"Alzenau S\u00fcd is located in the centre of Germany"}]},{"@type":"WebSite","@id":"https:\/\/www.alzenau-sued.de\/en\/#website","url":"https:\/\/www.alzenau-sued.de\/en\/","name":"CASA Alzenau S\u00fcd","description":"Moderne B\u00fcrofl\u00e4chen in Alzenau zu vermieten","publisher":{"@id":"https:\/\/www.alzenau-sued.de\/en\/#organization"},"potentialAction":[{"@type":"SearchAction","target":{"@type":"EntryPoint","urlTemplate":"https:\/\/www.alzenau-sued.de\/en\/?s={search_term_string}"},"query-input":{"@type":"PropertyValueSpecification","valueRequired":true,"valueName":"search_term_string"}}],"inLanguage":"en-US"},{"@type":"Organization","@id":"https:\/\/www.alzenau-sued.de\/en\/#organization","name":"CASA Alzenau S\u00fcd","url":"https:\/\/www.alzenau-sued.de\/en\/","logo":{"@type":"ImageObject","inLanguage":"en-US","@id":"https:\/\/www.alzenau-sued.de\/en\/#\/schema\/logo\/image\/","url":"https:\/\/www.alzenau-sued.de\/wp-content\/uploads\/2023\/02\/CASA-Logo_ohne-hintergrund.jpg","contentUrl":"https:\/\/www.alzenau-sued.de\/wp-content\/uploads\/2023\/02\/CASA-Logo_ohne-hintergrund.jpg","width":2064,"height":360,"caption":"CASA Alzenau S\u00fcd"},"image":{"@id":"https:\/\/www.alzenau-sued.de\/en\/#\/schema\/logo\/image\/"}}]}},"_links":{"self":[{"href":"https:\/\/www.alzenau-sued.de\/en\/wp-json\/wp\/v2\/pages\/1360","targetHints":{"allow":["GET"]}}],"collection":[{"href":"https:\/\/www.alzenau-sued.de\/en\/wp-json\/wp\/v2\/pages"}],"about":[{"href":"https:\/\/www.alzenau-sued.de\/en\/wp-json\/wp\/v2\/types\/page"}],"author":[{"embeddable":true,"href":"https:\/\/www.alzenau-sued.de\/en\/wp-json\/wp\/v2\/users\/2"}],"replies":[{"embeddable":true,"href":"https:\/\/www.alzenau-sued.de\/en\/wp-json\/wp\/v2\/comments?post=1360"}],"version-history":[{"count":3,"href":"https:\/\/www.alzenau-sued.de\/en\/wp-json\/wp\/v2\/pages\/1360\/revisions"}],"predecessor-version":[{"id":1363,"href":"https:\/\/www.alzenau-sued.de\/en\/wp-json\/wp\/v2\/pages\/1360\/revisions\/1363"}],"wp:attachment":[{"href":"https:\/\/www.alzenau-sued.de\/en\/wp-json\/wp\/v2\/media?parent=1360"}],"curies":[{"name":"wp","href":"https:\/\/api.w.org\/{rel}","templated":true}]}}