{"id":1368,"date":"2015-07-01T01:47:10","date_gmt":"2015-06-30T23:47:10","guid":{"rendered":"https:\/\/www.alzenau-sued.de\/meeting-room-on-the-same-floor\/"},"modified":"2023-03-10T17:10:48","modified_gmt":"2023-03-10T16:10:48","slug":"meeting-room-on-the-same-floor","status":"publish","type":"page","link":"https:\/\/www.alzenau-sued.de\/en\/meeting-room-on-the-same-floor\/","title":{"rendered":"Meeting room on the same floor"},"content":{"rendered":"<div class=\"fusion-bg-parallax\" data-bg-align=\"left center\" data-direction=\"up\" data-mute=\"false\" data-opacity=\"100\" data-velocity=\"-0.3\" data-mobile-enabled=\"false\" data-break_parents=\"0\" data-bg-image=\"https:\/\/www.alzenau-sued.de\/wp-content\/uploads\/2023\/02\/besprechungszimmer-1-200x72.jpg\" data-bg-repeat=\"false\" data-bg-color=\"var(--awb-color1)\" ><\/div><div class=\"fusion-fullwidth fullwidth-box fusion-builder-row-1 fusion-flex-container has-pattern-background has-mask-background fusion-parallax-up nonhundred-percent-fullwidth non-hundred-percent-height-scrolling lazyload\" style=\"--awb-background-position:left center;--awb-border-sizes-top:0px;--awb-border-sizes-bottom:0px;--awb-border-sizes-left:0px;--awb-border-sizes-right:0px;--awb-border-radius-top-left:0px;--awb-border-radius-top-right:0px;--awb-border-radius-bottom-right:0px;--awb-border-radius-bottom-left:0px;--awb-padding-top:130px;--awb-padding-bottom:120px;--awb-background-color:var(--awb-color1);--awb-background-size:cover;--awb-flex-wrap:wrap;\" data-bg=\"https:\/\/www.alzenau-sued.de\/wp-content\/uploads\/2023\/02\/besprechungszimmer-1-200x72.jpg\" ><div class=\"fusion-builder-row fusion-row fusion-flex-align-items-flex-start fusion-flex-content-wrap\" style=\"max-width:1216.8px;margin-left: calc(-4% \/ 2 );margin-right: calc(-4% \/ 2 );\"><div class=\"fusion-layout-column fusion_builder_column fusion-builder-column-0 fusion_builder_column_2_3 2_3 fusion-flex-column\" style=\"--awb-bg-blend:overlay;--awb-bg-size:cover;--awb-width-large:66.6666666667%;--awb-margin-top-large:0px;--awb-spacing-right-large:2.88%;--awb-margin-bottom-large:20px;--awb-spacing-left-large:2.88%;--awb-width-medium:100%;--awb-spacing-right-medium:1.92%;--awb-spacing-left-medium:1.92%;--awb-width-small:100%;--awb-spacing-right-small:1.92%;--awb-spacing-left-small:1.92%;\"><div class=\"fusion-column-wrapper fusion-flex-justify-content-flex-start fusion-content-layout-column\"><div class=\"fusion-title title fusion-title-1 fusion-sep-none fusion-title-text fusion-title-size-two\" style=\"--awb-text-color:var(--awb-color1);--awb-margin-top-small:0px;--awb-margin-right-small:0px;--awb-margin-bottom-small:20px;--awb-margin-left-small:0px;\"><h2 class=\"fusion-title-heading title-heading-left fusion-responsive-typography-calculated\" style=\"margin:0;--fontSize:48;line-height:var(--awb-typography1-line-height);\"><h5>Meeting room on the same floor<\/h5><\/h2><\/div><div class=\"fusion-text fusion-text-1\" style=\"--awb-font-size:18px;--awb-text-transform:none;--awb-text-color:var(--awb-color1);--awb-text-font-family:&quot;Inter&quot;;--awb-text-font-style:normal;--awb-text-font-weight:400;\"><p>Usually the meeting room is the least used office room.<\/p>\n<p>Therefore all tenants on one floor jointly use a representative meeting room for 8 people. The availability will be coordinated among 4 renting parties.<\/p>\n<p>The joint use of the meeting room is included in the rent.<\/p>\n<p>You don\u2019t need an office but only a meeting room now and then?<br \/>\nContact us!<\/p>\n<\/div><\/div><\/div><div class=\"fusion-layout-column fusion_builder_column fusion-builder-column-1 fusion_builder_column_1_3 1_3 fusion-flex-column fusion-flex-align-self-flex-end\" style=\"--awb-bg-blend:overlay;--awb-bg-size:cover;--awb-width-large:33.3333333333%;--awb-margin-top-large:0px;--awb-spacing-right-large:5.76%;--awb-margin-bottom-large:20px;--awb-spacing-left-large:5.76%;--awb-width-medium:100%;--awb-order-medium:0;--awb-spacing-right-medium:1.92%;--awb-spacing-left-medium:1.92%;--awb-width-small:100%;--awb-order-small:0;--awb-spacing-right-small:1.92%;--awb-spacing-left-small:1.92%;\"><div class=\"fusion-column-wrapper fusion-column-has-shadow fusion-flex-justify-content-center fusion-content-layout-column\"><div class=\"sm-text-align-center\"><a class=\"fusion-button button-flat fusion-button-default-size button-custom fusion-button-default button-1 fusion-button-default-span fusion-button-default-type fusion-has-button-gradient\" style=\"--awb-margin-top:10px;--awb-margin-bottom:;--button_accent_color:var(--awb-color7);--button_border_color:var(--awb-color7);--button_accent_hover_color:var(--awb-color5);--button_border_hover_color:var(--awb-color3);--button_gradient_top_color:var(--awb-color3);--button_gradient_bottom_color:var(--awb-color1);--button_gradient_top_color_hover:var(--awb-color4);--button_gradient_bottom_color_hover:var(--awb-color4);\" target=\"_self\" href=\"https:\/\/www.alzenau-sued.de\/en\/contact\/\"><span class=\"fusion-button-text awb-button__text awb-button__text--default\">Anfragen<\/span><\/a><\/div>\n<\/div><\/div><\/div><\/div>\n","protected":false},"excerpt":{"rendered":"","protected":false},"author":2,"featured_media":0,"parent":0,"menu_order":0,"comment_status":"closed","ping_status":"open","template":"100-width.php","meta":{"footnotes":""},"class_list":["post-1368","page","type-page","status-publish","hentry"],"yoast_head":"<!-- This site is optimized with the Yoast SEO plugin v27.4 - https:\/\/yoast.com\/product\/yoast-seo-wordpress\/ -->\n<title>Meeting room on the same floor - CASA Alzenau S\u00fcd<\/title>\n<meta name=\"robots\" content=\"index, follow, max-snippet:-1, max-image-preview:large, max-video-preview:-1\" \/>\n<link rel=\"canonical\" href=\"https:\/\/www.alzenau-sued.de\/en\/meeting-room-on-the-same-floor\/\" \/>\n<meta property=\"og:locale\" content=\"en_US\" \/>\n<meta property=\"og:type\" content=\"article\" \/>\n<meta property=\"og:title\" content=\"Meeting room on the same floor - CASA Alzenau S\u00fcd\" \/>\n<meta property=\"og:url\" content=\"https:\/\/www.alzenau-sued.de\/en\/meeting-room-on-the-same-floor\/\" \/>\n<meta property=\"og:site_name\" content=\"CASA Alzenau S\u00fcd\" \/>\n<meta property=\"article:modified_time\" content=\"2023-03-10T16:10:48+00:00\" \/>\n<meta name=\"twitter:card\" content=\"summary_large_image\" \/>\n<meta name=\"twitter:label1\" content=\"Est. reading time\" \/>\n\t<meta name=\"twitter:data1\" content=\"6 minutes\" \/>\n<script type=\"application\/ld+json\" class=\"yoast-schema-graph\">{\"@context\":\"https:\\\/\\\/schema.org\",\"@graph\":[{\"@type\":\"WebPage\",\"@id\":\"https:\\\/\\\/www.alzenau-sued.de\\\/en\\\/meeting-room-on-the-same-floor\\\/\",\"url\":\"https:\\\/\\\/www.alzenau-sued.de\\\/en\\\/meeting-room-on-the-same-floor\\\/\",\"name\":\"Meeting room on the same floor - CASA Alzenau S\u00fcd\",\"isPartOf\":{\"@id\":\"https:\\\/\\\/www.alzenau-sued.de\\\/en\\\/#website\"},\"datePublished\":\"2015-06-30T23:47:10+00:00\",\"dateModified\":\"2023-03-10T16:10:48+00:00\",\"breadcrumb\":{\"@id\":\"https:\\\/\\\/www.alzenau-sued.de\\\/en\\\/meeting-room-on-the-same-floor\\\/#breadcrumb\"},\"inLanguage\":\"en-US\",\"potentialAction\":[{\"@type\":\"ReadAction\",\"target\":[\"https:\\\/\\\/www.alzenau-sued.de\\\/en\\\/meeting-room-on-the-same-floor\\\/\"]}]},{\"@type\":\"BreadcrumbList\",\"@id\":\"https:\\\/\\\/www.alzenau-sued.de\\\/en\\\/meeting-room-on-the-same-floor\\\/#breadcrumb\",\"itemListElement\":[{\"@type\":\"ListItem\",\"position\":1,\"name\":\"Startseite\",\"item\":\"https:\\\/\\\/www.alzenau-sued.de\\\/en\\\/\"},{\"@type\":\"ListItem\",\"position\":2,\"name\":\"Meeting room on the same floor\"}]},{\"@type\":\"WebSite\",\"@id\":\"https:\\\/\\\/www.alzenau-sued.de\\\/en\\\/#website\",\"url\":\"https:\\\/\\\/www.alzenau-sued.de\\\/en\\\/\",\"name\":\"CASA Alzenau S\u00fcd\",\"description\":\"Moderne B\u00fcrofl\u00e4chen in Alzenau zu vermieten\",\"publisher\":{\"@id\":\"https:\\\/\\\/www.alzenau-sued.de\\\/en\\\/#organization\"},\"potentialAction\":[{\"@type\":\"SearchAction\",\"target\":{\"@type\":\"EntryPoint\",\"urlTemplate\":\"https:\\\/\\\/www.alzenau-sued.de\\\/en\\\/?s={search_term_string}\"},\"query-input\":{\"@type\":\"PropertyValueSpecification\",\"valueRequired\":true,\"valueName\":\"search_term_string\"}}],\"inLanguage\":\"en-US\"},{\"@type\":\"Organization\",\"@id\":\"https:\\\/\\\/www.alzenau-sued.de\\\/en\\\/#organization\",\"name\":\"CASA Alzenau S\u00fcd\",\"url\":\"https:\\\/\\\/www.alzenau-sued.de\\\/en\\\/\",\"logo\":{\"@type\":\"ImageObject\",\"inLanguage\":\"en-US\",\"@id\":\"https:\\\/\\\/www.alzenau-sued.de\\\/en\\\/#\\\/schema\\\/logo\\\/image\\\/\",\"url\":\"https:\\\/\\\/www.alzenau-sued.de\\\/wp-content\\\/uploads\\\/2023\\\/02\\\/CASA-Logo_ohne-hintergrund.jpg\",\"contentUrl\":\"https:\\\/\\\/www.alzenau-sued.de\\\/wp-content\\\/uploads\\\/2023\\\/02\\\/CASA-Logo_ohne-hintergrund.jpg\",\"width\":2064,\"height\":360,\"caption\":\"CASA Alzenau S\u00fcd\"},\"image\":{\"@id\":\"https:\\\/\\\/www.alzenau-sued.de\\\/en\\\/#\\\/schema\\\/logo\\\/image\\\/\"}}]}<\/script>\n<!-- \/ Yoast SEO plugin. -->","yoast_head_json":{"title":"Meeting room on the same floor - CASA Alzenau S\u00fcd","robots":{"index":"index","follow":"follow","max-snippet":"max-snippet:-1","max-image-preview":"max-image-preview:large","max-video-preview":"max-video-preview:-1"},"canonical":"https:\/\/www.alzenau-sued.de\/en\/meeting-room-on-the-same-floor\/","og_locale":"en_US","og_type":"article","og_title":"Meeting room on the same floor - CASA Alzenau S\u00fcd","og_url":"https:\/\/www.alzenau-sued.de\/en\/meeting-room-on-the-same-floor\/","og_site_name":"CASA Alzenau S\u00fcd","article_modified_time":"2023-03-10T16:10:48+00:00","twitter_card":"summary_large_image","twitter_misc":{"Est. reading time":"6 minutes"},"schema":{"@context":"https:\/\/schema.org","@graph":[{"@type":"WebPage","@id":"https:\/\/www.alzenau-sued.de\/en\/meeting-room-on-the-same-floor\/","url":"https:\/\/www.alzenau-sued.de\/en\/meeting-room-on-the-same-floor\/","name":"Meeting room on the same floor - CASA Alzenau S\u00fcd","isPartOf":{"@id":"https:\/\/www.alzenau-sued.de\/en\/#website"},"datePublished":"2015-06-30T23:47:10+00:00","dateModified":"2023-03-10T16:10:48+00:00","breadcrumb":{"@id":"https:\/\/www.alzenau-sued.de\/en\/meeting-room-on-the-same-floor\/#breadcrumb"},"inLanguage":"en-US","potentialAction":[{"@type":"ReadAction","target":["https:\/\/www.alzenau-sued.de\/en\/meeting-room-on-the-same-floor\/"]}]},{"@type":"BreadcrumbList","@id":"https:\/\/www.alzenau-sued.de\/en\/meeting-room-on-the-same-floor\/#breadcrumb","itemListElement":[{"@type":"ListItem","position":1,"name":"Startseite","item":"https:\/\/www.alzenau-sued.de\/en\/"},{"@type":"ListItem","position":2,"name":"Meeting room on the same floor"}]},{"@type":"WebSite","@id":"https:\/\/www.alzenau-sued.de\/en\/#website","url":"https:\/\/www.alzenau-sued.de\/en\/","name":"CASA Alzenau S\u00fcd","description":"Moderne B\u00fcrofl\u00e4chen in Alzenau zu vermieten","publisher":{"@id":"https:\/\/www.alzenau-sued.de\/en\/#organization"},"potentialAction":[{"@type":"SearchAction","target":{"@type":"EntryPoint","urlTemplate":"https:\/\/www.alzenau-sued.de\/en\/?s={search_term_string}"},"query-input":{"@type":"PropertyValueSpecification","valueRequired":true,"valueName":"search_term_string"}}],"inLanguage":"en-US"},{"@type":"Organization","@id":"https:\/\/www.alzenau-sued.de\/en\/#organization","name":"CASA Alzenau S\u00fcd","url":"https:\/\/www.alzenau-sued.de\/en\/","logo":{"@type":"ImageObject","inLanguage":"en-US","@id":"https:\/\/www.alzenau-sued.de\/en\/#\/schema\/logo\/image\/","url":"https:\/\/www.alzenau-sued.de\/wp-content\/uploads\/2023\/02\/CASA-Logo_ohne-hintergrund.jpg","contentUrl":"https:\/\/www.alzenau-sued.de\/wp-content\/uploads\/2023\/02\/CASA-Logo_ohne-hintergrund.jpg","width":2064,"height":360,"caption":"CASA Alzenau S\u00fcd"},"image":{"@id":"https:\/\/www.alzenau-sued.de\/en\/#\/schema\/logo\/image\/"}}]}},"_links":{"self":[{"href":"https:\/\/www.alzenau-sued.de\/en\/wp-json\/wp\/v2\/pages\/1368","targetHints":{"allow":["GET"]}}],"collection":[{"href":"https:\/\/www.alzenau-sued.de\/en\/wp-json\/wp\/v2\/pages"}],"about":[{"href":"https:\/\/www.alzenau-sued.de\/en\/wp-json\/wp\/v2\/types\/page"}],"author":[{"embeddable":true,"href":"https:\/\/www.alzenau-sued.de\/en\/wp-json\/wp\/v2\/users\/2"}],"replies":[{"embeddable":true,"href":"https:\/\/www.alzenau-sued.de\/en\/wp-json\/wp\/v2\/comments?post=1368"}],"version-history":[{"count":2,"href":"https:\/\/www.alzenau-sued.de\/en\/wp-json\/wp\/v2\/pages\/1368\/revisions"}],"predecessor-version":[{"id":1370,"href":"https:\/\/www.alzenau-sued.de\/en\/wp-json\/wp\/v2\/pages\/1368\/revisions\/1370"}],"wp:attachment":[{"href":"https:\/\/www.alzenau-sued.de\/en\/wp-json\/wp\/v2\/media?parent=1368"}],"curies":[{"name":"wp","href":"https:\/\/api.w.org\/{rel}","templated":true}]}}