{"id":1373,"date":"2015-07-01T01:47:46","date_gmt":"2015-06-30T23:47:46","guid":{"rendered":"https:\/\/www.alzenau-sued.de\/conference-center-in-the-house\/"},"modified":"2023-03-10T17:18:37","modified_gmt":"2023-03-10T16:18:37","slug":"conference-center-in-the-house","status":"publish","type":"page","link":"https:\/\/www.alzenau-sued.de\/en\/conference-center-in-the-house\/","title":{"rendered":"Conference center in the house"},"content":{"rendered":"<div class=\"fusion-bg-parallax\" data-bg-align=\"left center\" data-direction=\"up\" data-mute=\"false\" data-opacity=\"100\" data-velocity=\"-0.3\" data-mobile-enabled=\"false\" data-break_parents=\"0\" data-bg-image=\"https:\/\/www.alzenau-sued.de\/wp-content\/uploads\/2023\/02\/roma_verkleinert-200x83.jpg\" data-bg-repeat=\"false\" ><\/div><div class=\"fusion-fullwidth fullwidth-box fusion-builder-row-1 fusion-flex-container has-pattern-background has-mask-background fusion-parallax-up nonhundred-percent-fullwidth non-hundred-percent-height-scrolling lazyload\" style=\"--awb-background-position:left center;--awb-border-sizes-top:0px;--awb-border-sizes-bottom:0px;--awb-border-sizes-left:0px;--awb-border-sizes-right:0px;--awb-border-radius-top-left:0px;--awb-border-radius-top-right:0px;--awb-border-radius-bottom-right:0px;--awb-border-radius-bottom-left:0px;--awb-padding-top:130px;--awb-padding-bottom:120px;--awb-background-size:cover;--awb-flex-wrap:wrap;\" data-bg=\"https:\/\/www.alzenau-sued.de\/wp-content\/uploads\/2023\/02\/roma_verkleinert-200x83.jpg\" ><div class=\"fusion-builder-row fusion-row fusion-flex-align-items-flex-start fusion-flex-content-wrap\" style=\"max-width:1216.8px;margin-left: calc(-4% \/ 2 );margin-right: calc(-4% \/ 2 );\"><div class=\"fusion-layout-column fusion_builder_column fusion-builder-column-0 fusion_builder_column_1_2 1_2 fusion-flex-column\" style=\"--awb-bg-blend:overlay;--awb-bg-size:cover;--awb-width-large:50%;--awb-margin-top-large:0px;--awb-spacing-right-large:3.84%;--awb-margin-bottom-large:20px;--awb-spacing-left-large:3.84%;--awb-width-medium:100%;--awb-spacing-right-medium:1.92%;--awb-spacing-left-medium:1.92%;--awb-width-small:100%;--awb-spacing-right-small:1.92%;--awb-spacing-left-small:1.92%;\"><div class=\"fusion-column-wrapper fusion-flex-justify-content-flex-start fusion-content-layout-column\"><div class=\"fusion-title title fusion-title-1 fusion-sep-none fusion-title-text fusion-title-size-two\" style=\"--awb-text-color:var(--awb-color1);--awb-margin-top-small:0px;--awb-margin-right-small:0px;--awb-margin-bottom-small:20px;--awb-margin-left-small:0px;\"><h2 class=\"fusion-title-heading title-heading-left fusion-responsive-typography-calculated\" style=\"margin:0;--fontSize:48;line-height:var(--awb-typography1-line-height);\"><h4>CASA conference centre \u2013 meet in the same building<\/h4><\/h2><\/div><div class=\"fusion-text fusion-text-1\"><p><span style=\"color: var(--awb-color1);\">Since 2001 CASA conference centre is a set item. CASA conference centre has rooms from 10 to 80 persons. You book day by day according to your needs and enjoy a hotel-like service.<\/span><\/p>\n<\/div><div ><a class=\"fusion-button button-flat button-xlarge button-default fusion-button-default button-1 fusion-button-default-span fusion-button-default-type\" target=\"_blank\" rel=\"noopener noreferrer\" href=\"https:\/\/www.casakonferenzcenter.de\"><span class=\"fusion-button-text awb-button__text awb-button__text--default\">Learn more<\/span><\/a><\/div><\/div><\/div><\/div><\/div>\n","protected":false},"excerpt":{"rendered":"","protected":false},"author":2,"featured_media":0,"parent":0,"menu_order":0,"comment_status":"closed","ping_status":"open","template":"100-width.php","meta":{"footnotes":""},"class_list":["post-1373","page","type-page","status-publish","hentry"],"yoast_head":"<!-- This site is optimized with the Yoast SEO plugin v27.6 - https:\/\/yoast.com\/product\/yoast-seo-wordpress\/ -->\n<title>Conference center in the house - CASA Alzenau S\u00fcd<\/title>\n<meta name=\"description\" content=\"The CASA Conference Center offers in Alzenau S\u00fcd conference rooms from 10 to 80 people for your seminars in the Hanau Aschaffenburg area.\" \/>\n<meta name=\"robots\" content=\"index, follow, max-snippet:-1, max-image-preview:large, max-video-preview:-1\" \/>\n<link rel=\"canonical\" href=\"https:\/\/www.alzenau-sued.de\/en\/conference-center-in-the-house\/\" \/>\n<meta property=\"og:locale\" content=\"en_US\" \/>\n<meta property=\"og:type\" content=\"article\" \/>\n<meta property=\"og:title\" content=\"Conference center in the house - CASA Alzenau S\u00fcd\" \/>\n<meta property=\"og:description\" content=\"The CASA Conference Center offers in Alzenau S\u00fcd conference rooms from 10 to 80 people for your seminars in the Hanau Aschaffenburg area.\" \/>\n<meta property=\"og:url\" content=\"https:\/\/www.alzenau-sued.de\/en\/conference-center-in-the-house\/\" \/>\n<meta property=\"og:site_name\" content=\"CASA Alzenau S\u00fcd\" \/>\n<meta property=\"article:modified_time\" content=\"2023-03-10T16:18:37+00:00\" \/>\n<meta name=\"twitter:card\" content=\"summary_large_image\" \/>\n<meta name=\"twitter:label1\" content=\"Est. reading time\" \/>\n\t<meta name=\"twitter:data1\" content=\"5 minutes\" \/>\n<script type=\"application\/ld+json\" class=\"yoast-schema-graph\">{\"@context\":\"https:\\\/\\\/schema.org\",\"@graph\":[{\"@type\":\"WebPage\",\"@id\":\"https:\\\/\\\/www.alzenau-sued.de\\\/en\\\/conference-center-in-the-house\\\/\",\"url\":\"https:\\\/\\\/www.alzenau-sued.de\\\/en\\\/conference-center-in-the-house\\\/\",\"name\":\"Conference center in the house - CASA Alzenau S\u00fcd\",\"isPartOf\":{\"@id\":\"https:\\\/\\\/www.alzenau-sued.de\\\/en\\\/#website\"},\"datePublished\":\"2015-06-30T23:47:46+00:00\",\"dateModified\":\"2023-03-10T16:18:37+00:00\",\"description\":\"The CASA Conference Center offers in Alzenau S\u00fcd conference rooms from 10 to 80 people for your seminars in the Hanau Aschaffenburg area.\",\"breadcrumb\":{\"@id\":\"https:\\\/\\\/www.alzenau-sued.de\\\/en\\\/conference-center-in-the-house\\\/#breadcrumb\"},\"inLanguage\":\"en-US\",\"potentialAction\":[{\"@type\":\"ReadAction\",\"target\":[\"https:\\\/\\\/www.alzenau-sued.de\\\/en\\\/conference-center-in-the-house\\\/\"]}]},{\"@type\":\"BreadcrumbList\",\"@id\":\"https:\\\/\\\/www.alzenau-sued.de\\\/en\\\/conference-center-in-the-house\\\/#breadcrumb\",\"itemListElement\":[{\"@type\":\"ListItem\",\"position\":1,\"name\":\"Startseite\",\"item\":\"https:\\\/\\\/www.alzenau-sued.de\\\/en\\\/\"},{\"@type\":\"ListItem\",\"position\":2,\"name\":\"Conference center in the house\"}]},{\"@type\":\"WebSite\",\"@id\":\"https:\\\/\\\/www.alzenau-sued.de\\\/en\\\/#website\",\"url\":\"https:\\\/\\\/www.alzenau-sued.de\\\/en\\\/\",\"name\":\"CASA Alzenau S\u00fcd\",\"description\":\"Moderne B\u00fcrofl\u00e4chen in Alzenau zu vermieten\",\"publisher\":{\"@id\":\"https:\\\/\\\/www.alzenau-sued.de\\\/en\\\/#organization\"},\"potentialAction\":[{\"@type\":\"SearchAction\",\"target\":{\"@type\":\"EntryPoint\",\"urlTemplate\":\"https:\\\/\\\/www.alzenau-sued.de\\\/en\\\/?s={search_term_string}\"},\"query-input\":{\"@type\":\"PropertyValueSpecification\",\"valueRequired\":true,\"valueName\":\"search_term_string\"}}],\"inLanguage\":\"en-US\"},{\"@type\":\"Organization\",\"@id\":\"https:\\\/\\\/www.alzenau-sued.de\\\/en\\\/#organization\",\"name\":\"CASA Alzenau S\u00fcd\",\"url\":\"https:\\\/\\\/www.alzenau-sued.de\\\/en\\\/\",\"logo\":{\"@type\":\"ImageObject\",\"inLanguage\":\"en-US\",\"@id\":\"https:\\\/\\\/www.alzenau-sued.de\\\/en\\\/#\\\/schema\\\/logo\\\/image\\\/\",\"url\":\"https:\\\/\\\/www.alzenau-sued.de\\\/wp-content\\\/uploads\\\/2023\\\/02\\\/CASA-Logo_ohne-hintergrund.jpg\",\"contentUrl\":\"https:\\\/\\\/www.alzenau-sued.de\\\/wp-content\\\/uploads\\\/2023\\\/02\\\/CASA-Logo_ohne-hintergrund.jpg\",\"width\":2064,\"height\":360,\"caption\":\"CASA Alzenau S\u00fcd\"},\"image\":{\"@id\":\"https:\\\/\\\/www.alzenau-sued.de\\\/en\\\/#\\\/schema\\\/logo\\\/image\\\/\"}}]}<\/script>\n<!-- \/ Yoast SEO plugin. -->","yoast_head_json":{"title":"Conference center in the house - CASA Alzenau S\u00fcd","description":"The CASA Conference Center offers in Alzenau S\u00fcd conference rooms from 10 to 80 people for your seminars in the Hanau Aschaffenburg area.","robots":{"index":"index","follow":"follow","max-snippet":"max-snippet:-1","max-image-preview":"max-image-preview:large","max-video-preview":"max-video-preview:-1"},"canonical":"https:\/\/www.alzenau-sued.de\/en\/conference-center-in-the-house\/","og_locale":"en_US","og_type":"article","og_title":"Conference center in the house - CASA Alzenau S\u00fcd","og_description":"The CASA Conference Center offers in Alzenau S\u00fcd conference rooms from 10 to 80 people for your seminars in the Hanau Aschaffenburg area.","og_url":"https:\/\/www.alzenau-sued.de\/en\/conference-center-in-the-house\/","og_site_name":"CASA Alzenau S\u00fcd","article_modified_time":"2023-03-10T16:18:37+00:00","twitter_card":"summary_large_image","twitter_misc":{"Est. reading time":"5 minutes"},"schema":{"@context":"https:\/\/schema.org","@graph":[{"@type":"WebPage","@id":"https:\/\/www.alzenau-sued.de\/en\/conference-center-in-the-house\/","url":"https:\/\/www.alzenau-sued.de\/en\/conference-center-in-the-house\/","name":"Conference center in the house - CASA Alzenau S\u00fcd","isPartOf":{"@id":"https:\/\/www.alzenau-sued.de\/en\/#website"},"datePublished":"2015-06-30T23:47:46+00:00","dateModified":"2023-03-10T16:18:37+00:00","description":"The CASA Conference Center offers in Alzenau S\u00fcd conference rooms from 10 to 80 people for your seminars in the Hanau Aschaffenburg area.","breadcrumb":{"@id":"https:\/\/www.alzenau-sued.de\/en\/conference-center-in-the-house\/#breadcrumb"},"inLanguage":"en-US","potentialAction":[{"@type":"ReadAction","target":["https:\/\/www.alzenau-sued.de\/en\/conference-center-in-the-house\/"]}]},{"@type":"BreadcrumbList","@id":"https:\/\/www.alzenau-sued.de\/en\/conference-center-in-the-house\/#breadcrumb","itemListElement":[{"@type":"ListItem","position":1,"name":"Startseite","item":"https:\/\/www.alzenau-sued.de\/en\/"},{"@type":"ListItem","position":2,"name":"Conference center in the house"}]},{"@type":"WebSite","@id":"https:\/\/www.alzenau-sued.de\/en\/#website","url":"https:\/\/www.alzenau-sued.de\/en\/","name":"CASA Alzenau S\u00fcd","description":"Moderne B\u00fcrofl\u00e4chen in Alzenau zu vermieten","publisher":{"@id":"https:\/\/www.alzenau-sued.de\/en\/#organization"},"potentialAction":[{"@type":"SearchAction","target":{"@type":"EntryPoint","urlTemplate":"https:\/\/www.alzenau-sued.de\/en\/?s={search_term_string}"},"query-input":{"@type":"PropertyValueSpecification","valueRequired":true,"valueName":"search_term_string"}}],"inLanguage":"en-US"},{"@type":"Organization","@id":"https:\/\/www.alzenau-sued.de\/en\/#organization","name":"CASA Alzenau S\u00fcd","url":"https:\/\/www.alzenau-sued.de\/en\/","logo":{"@type":"ImageObject","inLanguage":"en-US","@id":"https:\/\/www.alzenau-sued.de\/en\/#\/schema\/logo\/image\/","url":"https:\/\/www.alzenau-sued.de\/wp-content\/uploads\/2023\/02\/CASA-Logo_ohne-hintergrund.jpg","contentUrl":"https:\/\/www.alzenau-sued.de\/wp-content\/uploads\/2023\/02\/CASA-Logo_ohne-hintergrund.jpg","width":2064,"height":360,"caption":"CASA Alzenau S\u00fcd"},"image":{"@id":"https:\/\/www.alzenau-sued.de\/en\/#\/schema\/logo\/image\/"}}]}},"_links":{"self":[{"href":"https:\/\/www.alzenau-sued.de\/en\/wp-json\/wp\/v2\/pages\/1373","targetHints":{"allow":["GET"]}}],"collection":[{"href":"https:\/\/www.alzenau-sued.de\/en\/wp-json\/wp\/v2\/pages"}],"about":[{"href":"https:\/\/www.alzenau-sued.de\/en\/wp-json\/wp\/v2\/types\/page"}],"author":[{"embeddable":true,"href":"https:\/\/www.alzenau-sued.de\/en\/wp-json\/wp\/v2\/users\/2"}],"replies":[{"embeddable":true,"href":"https:\/\/www.alzenau-sued.de\/en\/wp-json\/wp\/v2\/comments?post=1373"}],"version-history":[{"count":2,"href":"https:\/\/www.alzenau-sued.de\/en\/wp-json\/wp\/v2\/pages\/1373\/revisions"}],"predecessor-version":[{"id":1375,"href":"https:\/\/www.alzenau-sued.de\/en\/wp-json\/wp\/v2\/pages\/1373\/revisions\/1375"}],"wp:attachment":[{"href":"https:\/\/www.alzenau-sued.de\/en\/wp-json\/wp\/v2\/media?parent=1373"}],"curies":[{"name":"wp","href":"https:\/\/api.w.org\/{rel}","templated":true}]}}